{"id":585,"date":"2022-10-04T20:46:38","date_gmt":"2022-10-04T18:46:38","guid":{"rendered":"https:\/\/pedropabloalonso.com\/art-life\/"},"modified":"2024-01-10T22:14:09","modified_gmt":"2024-01-10T21:14:09","slug":"art-life","status":"publish","type":"page","link":"https:\/\/pedropabloalonso.com\/en\/art-life\/","title":{"rendered":"Art &#038; Life"},"content":{"rendered":"\n<figure class=\"wp-block-image size-large\"><img loading=\"lazy\" decoding=\"async\" width=\"1024\" height=\"828\" src=\"https:\/\/pedropabloalonso.com\/wp-content\/uploads\/2022\/12\/IMG_2655-1024x828.jpg\" alt=\"\" class=\"wp-image-2006\" srcset=\"https:\/\/pedropabloalonso.com\/wp-content\/uploads\/2022\/12\/IMG_2655-1024x828.jpg 1024w, https:\/\/pedropabloalonso.com\/wp-content\/uploads\/2022\/12\/IMG_2655-300x243.jpg 300w, https:\/\/pedropabloalonso.com\/wp-content\/uploads\/2022\/12\/IMG_2655-768x621.jpg 768w, https:\/\/pedropabloalonso.com\/wp-content\/uploads\/2022\/12\/IMG_2655-1536x1242.jpg 1536w, https:\/\/pedropabloalonso.com\/wp-content\/uploads\/2022\/12\/IMG_2655-2048x1656.jpg 2048w\" sizes=\"auto, (max-width: 1024px) 100vw, 1024px\" \/><\/figure>\n\n\n\n<p>\u00ab\u2026Art can be a conceptual problem for the creator, but it shouldn&#8217;t be for the spectator, as soon as he gives himself up. When Pedro Pablo Alonso asks us for an open and trusting dedication to reach the enjoyment of beauty, it is because he has gone ahead to clear the way for us.\u00bb Thought by Melchor Fern\u00e1ndez D\u00edaz in his text for the catalog of the first individual exhibition, at the Nicanor Pi\u00f1ole Gallery, in Gij\u00f3n, in 1983.<\/p>\n\n\n\n<figure class=\"wp-block-image size-large\"><img loading=\"lazy\" decoding=\"async\" width=\"1024\" height=\"670\" src=\"https:\/\/pedropabloalonso.com\/wp-content\/uploads\/2022\/11\/IMG_7844-1024x670.jpg\" alt=\"\" class=\"wp-image-577\" srcset=\"https:\/\/pedropabloalonso.com\/wp-content\/uploads\/2022\/11\/IMG_7844-1024x670.jpg 1024w, https:\/\/pedropabloalonso.com\/wp-content\/uploads\/2022\/11\/IMG_7844-300x196.jpg 300w, https:\/\/pedropabloalonso.com\/wp-content\/uploads\/2022\/11\/IMG_7844-768x502.jpg 768w, https:\/\/pedropabloalonso.com\/wp-content\/uploads\/2022\/11\/IMG_7844-1536x1005.jpg 1536w, https:\/\/pedropabloalonso.com\/wp-content\/uploads\/2022\/11\/IMG_7844-2048x1340.jpg 2048w\" sizes=\"auto, (max-width: 1024px) 100vw, 1024px\" \/><figcaption class=\"wp-element-caption\">With the four canvases (The joy of gray \/ Sweet basil \/ Saturn knows \/ Volant 195 x 130 cm.) exhibited at Westbroadway Gallery. New York. Feb 1984.<\/figcaption><\/figure>\n\n\n\n<p>Painting is for me an exploration of the capacity of color and the plastic image to evoke, provoke and transmit feelings, and to be memory, a human trace.<\/p>\n\n\n\n<p>I conceive the pictorial language as an abstract way of narrating, radically subjective, intimate, seeking connection with the \u201cart reader\u201d through intuition and empathy.<\/p>\n\n\n\n<p>For decades I have shared two very different languages, plastic and written, to which I link the need to know and understand, to explore to discover, and a will to communicate, to give testimony about the vicissitudes and mysteries of life, of nature, on the facts, also the historical ones, that build what we are.<\/p>\n\n\n\n<p>Two languages \u200b\u200bas a guide to navigate the labyrinth of existence, to help us live.<\/p>\n\n\n\n<div class=\"wp-block-group alignwide\"><div class=\"wp-block-group__inner-container is-layout-flow wp-block-group-is-layout-flow\"><div class=\"wp-block-latest-posts__list wp-block-create-block-tcc-posts\"><div class=\"newsWrapper\"><div class=\"gridSizer\"><\/div><div class=\"gutterSizer\"><\/div><article class=\"newsItem\"><a href=\"https:\/\/pedropabloalonso.com\/en\/2022\/11\/17\/i-paint-what-moves-and-amazes-me\/\" class=\"newsImg\"><img loading=\"lazy\" decoding=\"async\" width=\"768\" height=\"997\" src=\"https:\/\/pedropabloalonso.com\/wp-content\/uploads\/2022\/11\/image0-2-768x997.jpeg\" class=\"attachment-medium_large size-medium_large wp-post-image\" alt=\"\" style=\"\" srcset=\"https:\/\/pedropabloalonso.com\/wp-content\/uploads\/2022\/11\/image0-2-768x997.jpeg 768w, https:\/\/pedropabloalonso.com\/wp-content\/uploads\/2022\/11\/image0-2-231x300.jpeg 231w, https:\/\/pedropabloalonso.com\/wp-content\/uploads\/2022\/11\/image0-2-789x1024.jpeg 789w, https:\/\/pedropabloalonso.com\/wp-content\/uploads\/2022\/11\/image0-2-1183x1536.jpeg 1183w, https:\/\/pedropabloalonso.com\/wp-content\/uploads\/2022\/11\/image0-2-1578x2048.jpeg 1578w, https:\/\/pedropabloalonso.com\/wp-content\/uploads\/2022\/11\/image0-2.jpeg 1590w\" sizes=\"auto, (max-width: 768px) 100vw, 768px\" \/><\/a><a href=\"https:\/\/pedropabloalonso.com\/en\/2022\/11\/17\/i-paint-what-moves-and-amazes-me\/\" class=\"newsData\"><h3 class=\"wp-block-latest-posts__post-title\">Emotion and mystery<\/h3><div class=\"wp-block-latest-posts__post-excerpt\">I paint what moves and amazes me, the mysteries of space and nature that inspire and disturb.I try to understand what I am reflecting emotions.I paint to understand the ritual of solitude in art.I trace the memory of events and places that make up our history. (2022)<\/div><p class=\"readMOre\">+<\/p><\/a><\/article>\n<article class=\"newsItem\"><a href=\"https:\/\/pedropabloalonso.com\/en\/2022\/10\/14\/mountain-range\/\" class=\"newsImg\"><img loading=\"lazy\" decoding=\"async\" width=\"768\" height=\"1110\" src=\"https:\/\/pedropabloalonso.com\/wp-content\/uploads\/2022\/10\/IMG_7340-768x1110.jpg\" class=\"attachment-medium_large size-medium_large wp-post-image\" alt=\"\" style=\"\" srcset=\"https:\/\/pedropabloalonso.com\/wp-content\/uploads\/2022\/10\/IMG_7340-768x1110.jpg 768w, https:\/\/pedropabloalonso.com\/wp-content\/uploads\/2022\/10\/IMG_7340-208x300.jpg 208w, https:\/\/pedropabloalonso.com\/wp-content\/uploads\/2022\/10\/IMG_7340-709x1024.jpg 709w, https:\/\/pedropabloalonso.com\/wp-content\/uploads\/2022\/10\/IMG_7340-1063x1536.jpg 1063w, https:\/\/pedropabloalonso.com\/wp-content\/uploads\/2022\/10\/IMG_7340-1417x2048.jpg 1417w, https:\/\/pedropabloalonso.com\/wp-content\/uploads\/2022\/10\/IMG_7340-scaled.jpg 1771w\" sizes=\"auto, (max-width: 768px) 100vw, 768px\" \/><\/a><a href=\"https:\/\/pedropabloalonso.com\/en\/2022\/10\/14\/mountain-range\/\" class=\"newsData\"><h3 class=\"wp-block-latest-posts__post-title\">Mountain range<\/h3><div class=\"wp-block-latest-posts__post-excerpt\">3.4.1985 The roots of the \u201cMountain range\u201d series are in the Sierra del Aramo, which can be seen from the windows of the new studio. The strength of the Aramo is great despite its dimensions. They are powerful mountains and the setting sun gives them the appearance of a great [&hellip;]<\/div><p class=\"readMOre\">+<\/p><\/a><\/article>\n<article class=\"newsItem\"><a href=\"https:\/\/pedropabloalonso.com\/en\/2022\/10\/14\/cascada\/\" class=\"newsImg\"><img loading=\"lazy\" decoding=\"async\" width=\"768\" height=\"980\" src=\"https:\/\/pedropabloalonso.com\/wp-content\/uploads\/2022\/10\/IMG_6923-768x980.jpg\" class=\"attachment-medium_large size-medium_large wp-post-image\" alt=\"\" style=\"\" srcset=\"https:\/\/pedropabloalonso.com\/wp-content\/uploads\/2022\/10\/IMG_6923-768x980.jpg 768w, https:\/\/pedropabloalonso.com\/wp-content\/uploads\/2022\/10\/IMG_6923-235x300.jpg 235w, https:\/\/pedropabloalonso.com\/wp-content\/uploads\/2022\/10\/IMG_6923-802x1024.jpg 802w, https:\/\/pedropabloalonso.com\/wp-content\/uploads\/2022\/10\/IMG_6923-1203x1536.jpg 1203w, https:\/\/pedropabloalonso.com\/wp-content\/uploads\/2022\/10\/IMG_6923-1604x2048.jpg 1604w, https:\/\/pedropabloalonso.com\/wp-content\/uploads\/2022\/10\/IMG_6923.jpg 1609w\" sizes=\"auto, (max-width: 768px) 100vw, 768px\" \/><\/a><a href=\"https:\/\/pedropabloalonso.com\/en\/2022\/10\/14\/cascada\/\" class=\"newsData\"><h3 class=\"wp-block-latest-posts__post-title\">Waterfall<\/h3><div class=\"wp-block-latest-posts__post-excerpt\">27.4.1985 I start the \u201cWaterfall\u201d and \u201cShady\u201d series and continue with \u201cMountain range\u201d. I am beginning to introduce changes in the treatment of the brushwork and the form. The clearly outlined and individualized line tends to disappear to give priority to the masses of color in which the sign or [&hellip;]<\/div><p class=\"readMOre\">+<\/p><\/a><\/article>\n<article class=\"newsItem\"><a href=\"https:\/\/pedropabloalonso.com\/en\/2022\/10\/14\/ruben-suarez-una-luz-para-el-arte-en-asturias\/\" class=\"newsImg\"><img loading=\"lazy\" decoding=\"async\" width=\"712\" height=\"1198\" src=\"https:\/\/pedropabloalonso.com\/wp-content\/uploads\/2022\/10\/IMG_6593.jpeg\" class=\"attachment-medium_large size-medium_large wp-post-image\" alt=\"\" style=\"\" srcset=\"https:\/\/pedropabloalonso.com\/wp-content\/uploads\/2022\/10\/IMG_6593.jpeg 712w, https:\/\/pedropabloalonso.com\/wp-content\/uploads\/2022\/10\/IMG_6593-178x300.jpeg 178w, https:\/\/pedropabloalonso.com\/wp-content\/uploads\/2022\/10\/IMG_6593-609x1024.jpeg 609w\" sizes=\"auto, (max-width: 712px) 100vw, 712px\" \/><\/a><a href=\"https:\/\/pedropabloalonso.com\/en\/2022\/10\/14\/ruben-suarez-una-luz-para-el-arte-en-asturias\/\" class=\"newsData\"><h3 class=\"wp-block-latest-posts__post-title\">Rub\u00e9n Su\u00e1rez, a light for art in Asturias<\/h3><div class=\"wp-block-latest-posts__post-excerpt\">Rub\u00e9n Su\u00e1rez is an essential figure in the art of recent decades in Asturias. His work, collected in important editions and in a very high number of texts, published for decades in the &#8220;Cultura&#8221; supplement of La Nueva Espa\u00f1a, is an inescapable reference to understand what has been and is [&hellip;]<\/div><p class=\"readMOre\">+<\/p><\/a><\/article>\n<article class=\"newsItem\"><a href=\"https:\/\/pedropabloalonso.com\/en\/2022\/10\/14\/bellver-la-resistencia-sigue\/\" class=\"newsImg\"><img loading=\"lazy\" decoding=\"async\" width=\"768\" height=\"1116\" src=\"https:\/\/pedropabloalonso.com\/wp-content\/uploads\/2022\/10\/Bellver-768x1116.png\" class=\"attachment-medium_large size-medium_large wp-post-image\" alt=\"\" style=\"\" srcset=\"https:\/\/pedropabloalonso.com\/wp-content\/uploads\/2022\/10\/Bellver-768x1116.png 768w, https:\/\/pedropabloalonso.com\/wp-content\/uploads\/2022\/10\/Bellver-206x300.png 206w, https:\/\/pedropabloalonso.com\/wp-content\/uploads\/2022\/10\/Bellver-705x1024.png 705w, https:\/\/pedropabloalonso.com\/wp-content\/uploads\/2022\/10\/Bellver.png 819w\" sizes=\"auto, (max-width: 768px) 100vw, 768px\" \/><\/a><a href=\"https:\/\/pedropabloalonso.com\/en\/2022\/10\/14\/bellver-la-resistencia-sigue\/\" class=\"newsData\"><h3 class=\"wp-block-latest-posts__post-title\">Bellver, the resistance continues<\/h3><div class=\"wp-block-latest-posts__post-excerpt\">It is a small miracle that Bellver is twenty years old. Since that November 1, 1996, so many things have changed in society and in the worlds of journalism and culture that the survival of these eight weekly pages, with the sole support of the newspaper that publishes it, Diario [&hellip;]<\/div><p class=\"readMOre\">+<\/p><\/a><\/article>\n<\/div><\/div><\/div><\/div>\n","protected":false},"excerpt":{"rendered":"<p>\u00ab\u2026Art can be a conceptual problem for the creator, but it shouldn&#8217;t be for the spectator, as soon as he gives himself up. When Pedro Pablo Alonso asks us for an open and trusting dedication to reach the enjoyment of beauty, it is because he has gone ahead to clear the way for us.\u00bb Thought [&hellip;]<\/p>\n","protected":false},"author":1,"featured_media":0,"parent":0,"menu_order":0,"comment_status":"closed","ping_status":"closed","template":"","meta":{"inline_featured_image":false,"my_custom_bool":false,"navigation_state":false,"_genesis_hide_title":false,"_genesis_hide_breadcrumbs":false,"_genesis_hide_singular_image":false,"_genesis_hide_footer_widgets":false,"_genesis_custom_body_class":"","_genesis_custom_post_class":"","_genesis_layout":"","footnotes":""},"class_list":{"0":"post-585","1":"page","2":"type-page","3":"status-publish","5":"entry"},"yoast_head":"<!-- This site is optimized with the Yoast SEO plugin v27.4 - https:\/\/yoast.com\/product\/yoast-seo-wordpress\/ -->\n<title>Art &amp; Life - Pedro Pablo Alonso<\/title>\n<meta name=\"description\" content=\"Pedro Pablo Alonso Art &amp; Life includes writings about his work and newspaper articles related to culture and artistic activity.\" \/>\n<meta name=\"robots\" content=\"index, follow, max-snippet:-1, max-image-preview:large, max-video-preview:-1\" \/>\n<link rel=\"canonical\" href=\"https:\/\/pedropabloalonso.com\/en\/art-life\/\" \/>\n<meta property=\"og:locale\" content=\"en_US\" \/>\n<meta property=\"og:type\" content=\"article\" \/>\n<meta property=\"og:title\" content=\"Art &amp; Life - Pedro Pablo Alonso\" \/>\n<meta property=\"og:description\" content=\"Pedro Pablo Alonso Art &amp; Life includes writings about his work and newspaper articles related to culture and artistic activity.\" \/>\n<meta property=\"og:url\" content=\"https:\/\/pedropabloalonso.com\/en\/art-life\/\" \/>\n<meta property=\"og:site_name\" content=\"Pedro Pablo Alonso\" \/>\n<meta property=\"article:modified_time\" content=\"2024-01-10T21:14:09+00:00\" \/>\n<meta property=\"og:image\" content=\"https:\/\/pedropabloalonso.com\/wp-content\/uploads\/2022\/12\/IMG_2655-1024x828.jpg\" \/>\n<meta name=\"twitter:card\" content=\"summary_large_image\" \/>\n<meta name=\"twitter:label1\" content=\"Est. reading time\" \/>\n\t<meta name=\"twitter:data1\" content=\"2 minutes\" \/>\n<script type=\"application\/ld+json\" class=\"yoast-schema-graph\">{\"@context\":\"https:\\\/\\\/schema.org\",\"@graph\":[{\"@type\":\"WebPage\",\"@id\":\"https:\\\/\\\/pedropabloalonso.com\\\/en\\\/art-life\\\/\",\"url\":\"https:\\\/\\\/pedropabloalonso.com\\\/en\\\/art-life\\\/\",\"name\":\"Art & Life - Pedro Pablo Alonso\",\"isPartOf\":{\"@id\":\"https:\\\/\\\/pedropabloalonso.com\\\/#website\"},\"primaryImageOfPage\":{\"@id\":\"https:\\\/\\\/pedropabloalonso.com\\\/en\\\/art-life\\\/#primaryimage\"},\"image\":{\"@id\":\"https:\\\/\\\/pedropabloalonso.com\\\/en\\\/art-life\\\/#primaryimage\"},\"thumbnailUrl\":\"https:\\\/\\\/pedropabloalonso.com\\\/wp-content\\\/uploads\\\/2022\\\/12\\\/IMG_2655-1024x828.jpg\",\"datePublished\":\"2022-10-04T18:46:38+00:00\",\"dateModified\":\"2024-01-10T21:14:09+00:00\",\"description\":\"Pedro Pablo Alonso Art & Life includes writings about his work and newspaper articles related to culture and artistic activity.\",\"breadcrumb\":{\"@id\":\"https:\\\/\\\/pedropabloalonso.com\\\/en\\\/art-life\\\/#breadcrumb\"},\"inLanguage\":\"en-US\",\"potentialAction\":[{\"@type\":\"ReadAction\",\"target\":[\"https:\\\/\\\/pedropabloalonso.com\\\/en\\\/art-life\\\/\"]}]},{\"@type\":\"ImageObject\",\"inLanguage\":\"en-US\",\"@id\":\"https:\\\/\\\/pedropabloalonso.com\\\/en\\\/art-life\\\/#primaryimage\",\"url\":\"https:\\\/\\\/pedropabloalonso.com\\\/wp-content\\\/uploads\\\/2022\\\/12\\\/IMG_2655-1024x828.jpg\",\"contentUrl\":\"https:\\\/\\\/pedropabloalonso.com\\\/wp-content\\\/uploads\\\/2022\\\/12\\\/IMG_2655-1024x828.jpg\"},{\"@type\":\"BreadcrumbList\",\"@id\":\"https:\\\/\\\/pedropabloalonso.com\\\/en\\\/art-life\\\/#breadcrumb\",\"itemListElement\":[{\"@type\":\"ListItem\",\"position\":1,\"name\":\"Portada\",\"item\":\"https:\\\/\\\/pedropabloalonso.com\\\/en\\\/\"},{\"@type\":\"ListItem\",\"position\":2,\"name\":\"Art &#038; Life\"}]},{\"@type\":\"WebSite\",\"@id\":\"https:\\\/\\\/pedropabloalonso.com\\\/#website\",\"url\":\"https:\\\/\\\/pedropabloalonso.com\\\/\",\"name\":\"Pedro Pablo Alonso\",\"description\":\"Exploraci&oacute;n sobre la capacidad del color y la imagen de evocar, provocar y transmitir sentimientos\",\"potentialAction\":[{\"@type\":\"SearchAction\",\"target\":{\"@type\":\"EntryPoint\",\"urlTemplate\":\"https:\\\/\\\/pedropabloalonso.com\\\/?s={search_term_string}\"},\"query-input\":{\"@type\":\"PropertyValueSpecification\",\"valueRequired\":true,\"valueName\":\"search_term_string\"}}],\"inLanguage\":\"en-US\"}]}<\/script>\n<!-- \/ Yoast SEO plugin. -->","yoast_head_json":{"title":"Art & Life - Pedro Pablo Alonso","description":"Pedro Pablo Alonso Art & Life includes writings about his work and newspaper articles related to culture and artistic activity.","robots":{"index":"index","follow":"follow","max-snippet":"max-snippet:-1","max-image-preview":"max-image-preview:large","max-video-preview":"max-video-preview:-1"},"canonical":"https:\/\/pedropabloalonso.com\/en\/art-life\/","og_locale":"en_US","og_type":"article","og_title":"Art & Life - Pedro Pablo Alonso","og_description":"Pedro Pablo Alonso Art & Life includes writings about his work and newspaper articles related to culture and artistic activity.","og_url":"https:\/\/pedropabloalonso.com\/en\/art-life\/","og_site_name":"Pedro Pablo Alonso","article_modified_time":"2024-01-10T21:14:09+00:00","og_image":[{"url":"https:\/\/pedropabloalonso.com\/wp-content\/uploads\/2022\/12\/IMG_2655-1024x828.jpg","type":"","width":"","height":""}],"twitter_card":"summary_large_image","twitter_misc":{"Est. reading time":"2 minutes"},"schema":{"@context":"https:\/\/schema.org","@graph":[{"@type":"WebPage","@id":"https:\/\/pedropabloalonso.com\/en\/art-life\/","url":"https:\/\/pedropabloalonso.com\/en\/art-life\/","name":"Art & Life - Pedro Pablo Alonso","isPartOf":{"@id":"https:\/\/pedropabloalonso.com\/#website"},"primaryImageOfPage":{"@id":"https:\/\/pedropabloalonso.com\/en\/art-life\/#primaryimage"},"image":{"@id":"https:\/\/pedropabloalonso.com\/en\/art-life\/#primaryimage"},"thumbnailUrl":"https:\/\/pedropabloalonso.com\/wp-content\/uploads\/2022\/12\/IMG_2655-1024x828.jpg","datePublished":"2022-10-04T18:46:38+00:00","dateModified":"2024-01-10T21:14:09+00:00","description":"Pedro Pablo Alonso Art & Life includes writings about his work and newspaper articles related to culture and artistic activity.","breadcrumb":{"@id":"https:\/\/pedropabloalonso.com\/en\/art-life\/#breadcrumb"},"inLanguage":"en-US","potentialAction":[{"@type":"ReadAction","target":["https:\/\/pedropabloalonso.com\/en\/art-life\/"]}]},{"@type":"ImageObject","inLanguage":"en-US","@id":"https:\/\/pedropabloalonso.com\/en\/art-life\/#primaryimage","url":"https:\/\/pedropabloalonso.com\/wp-content\/uploads\/2022\/12\/IMG_2655-1024x828.jpg","contentUrl":"https:\/\/pedropabloalonso.com\/wp-content\/uploads\/2022\/12\/IMG_2655-1024x828.jpg"},{"@type":"BreadcrumbList","@id":"https:\/\/pedropabloalonso.com\/en\/art-life\/#breadcrumb","itemListElement":[{"@type":"ListItem","position":1,"name":"Portada","item":"https:\/\/pedropabloalonso.com\/en\/"},{"@type":"ListItem","position":2,"name":"Art &#038; Life"}]},{"@type":"WebSite","@id":"https:\/\/pedropabloalonso.com\/#website","url":"https:\/\/pedropabloalonso.com\/","name":"Pedro Pablo Alonso","description":"Exploraci&oacute;n sobre la capacidad del color y la imagen de evocar, provocar y transmitir sentimientos","potentialAction":[{"@type":"SearchAction","target":{"@type":"EntryPoint","urlTemplate":"https:\/\/pedropabloalonso.com\/?s={search_term_string}"},"query-input":{"@type":"PropertyValueSpecification","valueRequired":true,"valueName":"search_term_string"}}],"inLanguage":"en-US"}]}},"_links":{"self":[{"href":"https:\/\/pedropabloalonso.com\/en\/wp-json\/wp\/v2\/pages\/585","targetHints":{"allow":["GET"]}}],"collection":[{"href":"https:\/\/pedropabloalonso.com\/en\/wp-json\/wp\/v2\/pages"}],"about":[{"href":"https:\/\/pedropabloalonso.com\/en\/wp-json\/wp\/v2\/types\/page"}],"author":[{"embeddable":true,"href":"https:\/\/pedropabloalonso.com\/en\/wp-json\/wp\/v2\/users\/1"}],"replies":[{"embeddable":true,"href":"https:\/\/pedropabloalonso.com\/en\/wp-json\/wp\/v2\/comments?post=585"}],"version-history":[{"count":2,"href":"https:\/\/pedropabloalonso.com\/en\/wp-json\/wp\/v2\/pages\/585\/revisions"}],"predecessor-version":[{"id":2154,"href":"https:\/\/pedropabloalonso.com\/en\/wp-json\/wp\/v2\/pages\/585\/revisions\/2154"}],"wp:attachment":[{"href":"https:\/\/pedropabloalonso.com\/en\/wp-json\/wp\/v2\/media?parent=585"}],"curies":[{"name":"wp","href":"https:\/\/api.w.org\/{rel}","templated":true}]}}